{"id":11,"date":"2019-05-09T20:24:54","date_gmt":"2019-05-09T20:24:54","guid":{"rendered":"https:\/\/hotelsigulda.lv\/?page_id=11"},"modified":"2026-02-16T13:35:48","modified_gmt":"2026-02-16T13:35:48","slug":"restorans","status":"publish","type":"page","link":"https:\/\/hotelsigulda.lv\/en\/restorans\/","title":{"rendered":"Restaurant"},"content":{"rendered":"<p>Restaurant menu available on-site or for takeaway . Orders by phone: <strong>+371 26165530<\/strong><\/p>\n<p>Hotel\u2019s restaurant offers to enjoy menu created by our chef Aigars \u0160\u0101v\u0113js, where classical European and contemporary Latvian cuisines meet. During the summer months enjoy a refreshing glass of beer on our beautiful summer terrace, but during winter \u2013 feel the atmosphere of the 19th century building.<\/p>\n<p><strong>Opening hours:<\/strong><strong>\u00a012:00 &#8211; 22:00<\/strong><\/p>\n<hr \/>\n<p>Breakfast every morning from\u00a0 7:00-11:00<\/p>\n<p>Reservations and individual orders can be arranged by phone +371 6797 2263 or e-mail: info@hotelsigulda.lv<\/p>","protected":false},"excerpt":{"rendered":"<p>Restaurant menu available on-site or for takeaway . Orders by phone: +371 26165530 Hotel\u2019s restaurant offers to enjoy menu created by our chef Aigars \u0160\u0101v\u0113js, where classical European and contemporary Latvian cuisines meet. During the summer months enjoy a refreshing glass of beer on our beautiful summer terrace, but during&#8230;<\/p>\n","protected":false},"author":1,"featured_media":0,"parent":0,"menu_order":0,"comment_status":"closed","ping_status":"closed","template":"page-templates\/template-restaurant.php","meta":{"footnotes":""},"acf":[],"yoast_head":"<!-- This site is optimized with the Yoast SEO plugin v20.1 - https:\/\/yoast.com\/wordpress\/plugins\/seo\/ -->\n<title>Restaurant - Hotel Sigulda<\/title>\n<meta name=\"robots\" content=\"index, follow, max-snippet:-1, max-image-preview:large, max-video-preview:-1\" \/>\n<link rel=\"canonical\" href=\"https:\/\/hotelsigulda.lv\/en\/restorans\/\" \/>\n<meta property=\"og:locale\" content=\"en_US\" \/>\n<meta property=\"og:type\" content=\"article\" \/>\n<meta property=\"og:title\" content=\"Restaurant - Hotel Sigulda\" \/>\n<meta property=\"og:description\" content=\"Restaurant menu available on-site or for takeaway . Orders by phone: +371 26165530 Hotel\u2019s restaurant offers to enjoy menu created by our chef Aigars \u0160\u0101v\u0113js, where classical European and contemporary Latvian cuisines meet. During the summer months enjoy a refreshing glass of beer on our beautiful summer terrace, but during...\" \/>\n<meta property=\"og:url\" content=\"https:\/\/hotelsigulda.lv\/en\/restorans\/\" \/>\n<meta property=\"og:site_name\" content=\"Hotel Sigulda\" \/>\n<meta property=\"article:modified_time\" content=\"2026-02-16T13:35:48+00:00\" \/>\n<meta name=\"twitter:card\" content=\"summary_large_image\" \/>\n<meta name=\"twitter:label1\" content=\"Est. reading time\" \/>\n\t<meta name=\"twitter:data1\" content=\"1 minute\" \/>\n<script type=\"application\/ld+json\" class=\"yoast-schema-graph\">{\"@context\":\"https:\/\/schema.org\",\"@graph\":[{\"@type\":\"WebPage\",\"@id\":\"https:\/\/hotelsigulda.lv\/en\/restorans\/\",\"url\":\"https:\/\/hotelsigulda.lv\/en\/restorans\/\",\"name\":\"Restaurant - Hotel Sigulda\",\"isPartOf\":{\"@id\":\"https:\/\/hotelsigulda.lv\/en\/#website\"},\"datePublished\":\"2019-05-09T20:24:54+00:00\",\"dateModified\":\"2026-02-16T13:35:48+00:00\",\"breadcrumb\":{\"@id\":\"https:\/\/hotelsigulda.lv\/en\/restorans\/#breadcrumb\"},\"inLanguage\":\"en-US\",\"potentialAction\":[{\"@type\":\"ReadAction\",\"target\":[[\"https:\/\/hotelsigulda.lv\/en\/restorans\/\"]]}]},{\"@type\":\"BreadcrumbList\",\"@id\":\"https:\/\/hotelsigulda.lv\/en\/restorans\/#breadcrumb\",\"itemListElement\":[{\"@type\":\"ListItem\",\"position\":1,\"name\":\"Home\",\"item\":\"https:\/\/hotelsigulda.lv\/en\/\"},{\"@type\":\"ListItem\",\"position\":2,\"name\":\"Restor\u0101ns\"}]},{\"@type\":\"WebSite\",\"@id\":\"https:\/\/hotelsigulda.lv\/en\/#website\",\"url\":\"https:\/\/hotelsigulda.lv\/en\/\",\"name\":\"Hotel Sigulda\",\"description\":\"Hotel in Sigulda, Latvia\",\"potentialAction\":[{\"@type\":\"SearchAction\",\"target\":{\"@type\":\"EntryPoint\",\"urlTemplate\":\"https:\/\/hotelsigulda.lv\/en\/?s={search_term_string}\"},\"query-input\":\"required name=search_term_string\"}],\"inLanguage\":\"en-US\"}]}<\/script>\n<!-- \/ Yoast SEO plugin. -->","yoast_head_json":{"title":"Restaurant - Hotel Sigulda","robots":{"index":"index","follow":"follow","max-snippet":"max-snippet:-1","max-image-preview":"max-image-preview:large","max-video-preview":"max-video-preview:-1"},"canonical":"https:\/\/hotelsigulda.lv\/en\/restorans\/","og_locale":"en_US","og_type":"article","og_title":"Restaurant - Hotel Sigulda","og_description":"Restaurant menu available on-site or for takeaway . Orders by phone: +371 26165530 Hotel\u2019s restaurant offers to enjoy menu created by our chef Aigars \u0160\u0101v\u0113js, where classical European and contemporary Latvian cuisines meet. During the summer months enjoy a refreshing glass of beer on our beautiful summer terrace, but during...","og_url":"https:\/\/hotelsigulda.lv\/en\/restorans\/","og_site_name":"Hotel Sigulda","article_modified_time":"2026-02-16T13:35:48+00:00","twitter_card":"summary_large_image","twitter_misc":{"Est. reading time":"1 minute"},"schema":{"@context":"https:\/\/schema.org","@graph":[{"@type":"WebPage","@id":"https:\/\/hotelsigulda.lv\/en\/restorans\/","url":"https:\/\/hotelsigulda.lv\/en\/restorans\/","name":"Restaurant - Hotel Sigulda","isPartOf":{"@id":"https:\/\/hotelsigulda.lv\/en\/#website"},"datePublished":"2019-05-09T20:24:54+00:00","dateModified":"2026-02-16T13:35:48+00:00","breadcrumb":{"@id":"https:\/\/hotelsigulda.lv\/en\/restorans\/#breadcrumb"},"inLanguage":"en-US","potentialAction":[{"@type":"ReadAction","target":[["https:\/\/hotelsigulda.lv\/en\/restorans\/"]]}]},{"@type":"BreadcrumbList","@id":"https:\/\/hotelsigulda.lv\/en\/restorans\/#breadcrumb","itemListElement":[{"@type":"ListItem","position":1,"name":"Home","item":"https:\/\/hotelsigulda.lv\/en\/"},{"@type":"ListItem","position":2,"name":"Restor\u0101ns"}]},{"@type":"WebSite","@id":"https:\/\/hotelsigulda.lv\/en\/#website","url":"https:\/\/hotelsigulda.lv\/en\/","name":"Hotel Sigulda","description":"Hotel in Sigulda, Latvia","potentialAction":[{"@type":"SearchAction","target":{"@type":"EntryPoint","urlTemplate":"https:\/\/hotelsigulda.lv\/en\/?s={search_term_string}"},"query-input":"required name=search_term_string"}],"inLanguage":"en-US"}]}},"_links":{"self":[{"href":"https:\/\/hotelsigulda.lv\/en\/wp-json\/wp\/v2\/pages\/11"}],"collection":[{"href":"https:\/\/hotelsigulda.lv\/en\/wp-json\/wp\/v2\/pages"}],"about":[{"href":"https:\/\/hotelsigulda.lv\/en\/wp-json\/wp\/v2\/types\/page"}],"author":[{"embeddable":true,"href":"https:\/\/hotelsigulda.lv\/en\/wp-json\/wp\/v2\/users\/1"}],"replies":[{"embeddable":true,"href":"https:\/\/hotelsigulda.lv\/en\/wp-json\/wp\/v2\/comments?post=11"}],"version-history":[{"count":287,"href":"https:\/\/hotelsigulda.lv\/en\/wp-json\/wp\/v2\/pages\/11\/revisions"}],"predecessor-version":[{"id":3896,"href":"https:\/\/hotelsigulda.lv\/en\/wp-json\/wp\/v2\/pages\/11\/revisions\/3896"}],"wp:attachment":[{"href":"https:\/\/hotelsigulda.lv\/en\/wp-json\/wp\/v2\/media?parent=11"}],"curies":[{"name":"wp","href":"https:\/\/api.w.org\/{rel}","templated":true}]}}