{"id":1989,"date":"2023-02-20T12:31:54","date_gmt":"2023-02-20T12:31:54","guid":{"rendered":"https:\/\/hotelsigulda.lv\/?post_type=product&#038;p=1989"},"modified":"2024-02-16T09:53:15","modified_gmt":"2024-02-16T09:53:15","slug":"gimenes-bilete-spa-apmeklejumam","status":"publish","type":"product","link":"https:\/\/hotelsigulda.lv\/en\/product\/gimenes-bilete-spa-apmeklejumam\/","title":{"rendered":"Family ticket for SPA visit"},"content":{"rendered":"<p>Special offer for families to visit SPA during public visiting hours. SPA zone includes pool with stream, jaccuzzi, steam bath and sauna.<\/p>\n<p>Special offer for 2 adults and 2 kids up to 12 years.<\/p>","protected":false},"excerpt":{"rendered":"<p>Special offer for families to visit SPA during public visiting hours. SPA zone includes pool with stream, jaccuzzi, steam bath and sauna. Special offer for 2 adults and 2 kids up to 12 years.<\/p>\n","protected":false},"featured_media":1122,"template":"","meta":[],"product_cat":[22],"product_tag":[],"acf":[],"yoast_head":"<!-- This site is optimized with the Yoast SEO plugin v20.1 - https:\/\/yoast.com\/wordpress\/plugins\/seo\/ -->\n<title>Family ticket for SPA visit - Hotel Sigulda<\/title>\n<meta name=\"robots\" content=\"index, follow, max-snippet:-1, max-image-preview:large, max-video-preview:-1\" \/>\n<link rel=\"canonical\" href=\"https:\/\/hotelsigulda.lv\/en\/product\/gimenes-bilete-spa-apmeklejumam\/\" \/>\n<meta property=\"og:locale\" content=\"en_US\" \/>\n<meta property=\"og:type\" content=\"article\" \/>\n<meta property=\"og:title\" content=\"Family ticket for SPA visit - Hotel Sigulda\" \/>\n<meta property=\"og:description\" content=\"Special offer for families to visit SPA during public visiting hours. SPA zone includes pool with stream, jaccuzzi, steam bath and sauna. Special offer for 2 adults and 2 kids up to 12 years.\" \/>\n<meta property=\"og:url\" content=\"https:\/\/hotelsigulda.lv\/en\/product\/gimenes-bilete-spa-apmeklejumam\/\" \/>\n<meta property=\"og:site_name\" content=\"Hotel Sigulda\" \/>\n<meta property=\"article:modified_time\" content=\"2024-02-16T09:53:15+00:00\" \/>\n<meta property=\"og:image\" content=\"https:\/\/hotelsigulda.lv\/wp-content\/uploads\/2021\/12\/Viesnica-Sigulda-10-2.jpg\" \/>\n\t<meta property=\"og:image:width\" content=\"1920\" \/>\n\t<meta property=\"og:image:height\" content=\"1277\" \/>\n\t<meta property=\"og:image:type\" content=\"image\/jpeg\" \/>\n<meta name=\"twitter:card\" content=\"summary_large_image\" \/>\n<meta name=\"twitter:label1\" content=\"Est. reading time\" \/>\n\t<meta name=\"twitter:data1\" content=\"1 minute\" \/>\n<script type=\"application\/ld+json\" class=\"yoast-schema-graph\">{\"@context\":\"https:\/\/schema.org\",\"@graph\":[{\"@type\":\"WebPage\",\"@id\":\"https:\/\/hotelsigulda.lv\/en\/product\/gimenes-bilete-spa-apmeklejumam\/\",\"url\":\"https:\/\/hotelsigulda.lv\/en\/product\/gimenes-bilete-spa-apmeklejumam\/\",\"name\":\"Family ticket for SPA visit - Hotel Sigulda\",\"isPartOf\":{\"@id\":\"https:\/\/hotelsigulda.lv\/en\/#website\"},\"datePublished\":\"2023-02-20T12:31:54+00:00\",\"dateModified\":\"2024-02-16T09:53:15+00:00\",\"breadcrumb\":{\"@id\":\"https:\/\/hotelsigulda.lv\/en\/product\/gimenes-bilete-spa-apmeklejumam\/#breadcrumb\"},\"inLanguage\":\"en-US\",\"potentialAction\":[{\"@type\":\"ReadAction\",\"target\":[[\"https:\/\/hotelsigulda.lv\/en\/product\/gimenes-bilete-spa-apmeklejumam\/\"]]}]},{\"@type\":\"BreadcrumbList\",\"@id\":\"https:\/\/hotelsigulda.lv\/en\/product\/gimenes-bilete-spa-apmeklejumam\/#breadcrumb\",\"itemListElement\":[{\"@type\":\"ListItem\",\"position\":1,\"name\":\"Home\",\"item\":\"https:\/\/hotelsigulda.lv\/en\/\"},{\"@type\":\"ListItem\",\"position\":2,\"name\":\"E-veikals\",\"item\":\"https:\/\/hotelsigulda.lv\/en\/e-veikals\/\"},{\"@type\":\"ListItem\",\"position\":3,\"name\":\"\u0122imenes bi\u013cete SPA apmekl\u0113jumam\"}]},{\"@type\":\"WebSite\",\"@id\":\"https:\/\/hotelsigulda.lv\/en\/#website\",\"url\":\"https:\/\/hotelsigulda.lv\/en\/\",\"name\":\"Hotel Sigulda\",\"description\":\"Hotel in Sigulda, Latvia\",\"potentialAction\":[{\"@type\":\"SearchAction\",\"target\":{\"@type\":\"EntryPoint\",\"urlTemplate\":\"https:\/\/hotelsigulda.lv\/en\/?s={search_term_string}\"},\"query-input\":\"required name=search_term_string\"}],\"inLanguage\":\"en-US\"}]}<\/script>\n<!-- \/ Yoast SEO plugin. -->","yoast_head_json":{"title":"Family ticket for SPA visit - Hotel Sigulda","robots":{"index":"index","follow":"follow","max-snippet":"max-snippet:-1","max-image-preview":"max-image-preview:large","max-video-preview":"max-video-preview:-1"},"canonical":"https:\/\/hotelsigulda.lv\/en\/product\/gimenes-bilete-spa-apmeklejumam\/","og_locale":"en_US","og_type":"article","og_title":"Family ticket for SPA visit - Hotel Sigulda","og_description":"Special offer for families to visit SPA during public visiting hours. SPA zone includes pool with stream, jaccuzzi, steam bath and sauna. Special offer for 2 adults and 2 kids up to 12 years.","og_url":"https:\/\/hotelsigulda.lv\/en\/product\/gimenes-bilete-spa-apmeklejumam\/","og_site_name":"Hotel Sigulda","article_modified_time":"2024-02-16T09:53:15+00:00","og_image":[{"width":1920,"height":1277,"url":"https:\/\/hotelsigulda.lv\/wp-content\/uploads\/2021\/12\/Viesnica-Sigulda-10-2.jpg","type":"image\/jpeg"}],"twitter_card":"summary_large_image","twitter_misc":{"Est. reading time":"1 minute"},"schema":{"@context":"https:\/\/schema.org","@graph":[{"@type":"WebPage","@id":"https:\/\/hotelsigulda.lv\/en\/product\/gimenes-bilete-spa-apmeklejumam\/","url":"https:\/\/hotelsigulda.lv\/en\/product\/gimenes-bilete-spa-apmeklejumam\/","name":"Family ticket for SPA visit - Hotel Sigulda","isPartOf":{"@id":"https:\/\/hotelsigulda.lv\/en\/#website"},"datePublished":"2023-02-20T12:31:54+00:00","dateModified":"2024-02-16T09:53:15+00:00","breadcrumb":{"@id":"https:\/\/hotelsigulda.lv\/en\/product\/gimenes-bilete-spa-apmeklejumam\/#breadcrumb"},"inLanguage":"en-US","potentialAction":[{"@type":"ReadAction","target":[["https:\/\/hotelsigulda.lv\/en\/product\/gimenes-bilete-spa-apmeklejumam\/"]]}]},{"@type":"BreadcrumbList","@id":"https:\/\/hotelsigulda.lv\/en\/product\/gimenes-bilete-spa-apmeklejumam\/#breadcrumb","itemListElement":[{"@type":"ListItem","position":1,"name":"Home","item":"https:\/\/hotelsigulda.lv\/en\/"},{"@type":"ListItem","position":2,"name":"E-veikals","item":"https:\/\/hotelsigulda.lv\/en\/e-veikals\/"},{"@type":"ListItem","position":3,"name":"\u0122imenes bi\u013cete SPA apmekl\u0113jumam"}]},{"@type":"WebSite","@id":"https:\/\/hotelsigulda.lv\/en\/#website","url":"https:\/\/hotelsigulda.lv\/en\/","name":"Hotel Sigulda","description":"Hotel in Sigulda, Latvia","potentialAction":[{"@type":"SearchAction","target":{"@type":"EntryPoint","urlTemplate":"https:\/\/hotelsigulda.lv\/en\/?s={search_term_string}"},"query-input":"required name=search_term_string"}],"inLanguage":"en-US"}]}},"_links":{"self":[{"href":"https:\/\/hotelsigulda.lv\/en\/wp-json\/wp\/v2\/product\/1989"}],"collection":[{"href":"https:\/\/hotelsigulda.lv\/en\/wp-json\/wp\/v2\/product"}],"about":[{"href":"https:\/\/hotelsigulda.lv\/en\/wp-json\/wp\/v2\/types\/product"}],"wp:featuredmedia":[{"embeddable":true,"href":"https:\/\/hotelsigulda.lv\/en\/wp-json\/wp\/v2\/media\/1122"}],"wp:attachment":[{"href":"https:\/\/hotelsigulda.lv\/en\/wp-json\/wp\/v2\/media?parent=1989"}],"wp:term":[{"taxonomy":"product_cat","embeddable":true,"href":"https:\/\/hotelsigulda.lv\/en\/wp-json\/wp\/v2\/product_cat?post=1989"},{"taxonomy":"product_tag","embeddable":true,"href":"https:\/\/hotelsigulda.lv\/en\/wp-json\/wp\/v2\/product_tag?post=1989"}],"curies":[{"name":"wp","href":"https:\/\/api.w.org\/{rel}","templated":true}]}}