{"id":4020,"date":"2026-04-27T09:59:55","date_gmt":"2026-04-27T09:59:55","guid":{"rendered":"https:\/\/hotelsigulda.lv\/?post_type=product&#038;p=4020"},"modified":"2026-04-27T09:59:56","modified_gmt":"2026-04-27T09:59:56","slug":"mamindienas-svetku-pusdienas","status":"publish","type":"product","link":"https:\/\/hotelsigulda.lv\/ru\/product\/mamindienas-svetku-pusdienas\/","title":{"rendered":"M\u0101mi\u0146dienas sv\u0113tku pusdienas"},"content":{"rendered":"<p class=\"qtranxs-available-languages-message qtranxs-available-languages-message-ru\">\u0418\u0437\u0432\u0438\u043d\u0438\u0442\u0435, \u044d\u0442\u043e\u0442 \u0442\u0435\u043a\u0441\u0442 \u0434\u043e\u0441\u0442\u0443\u043f\u0435\u043d \u0442\u043e\u043b\u044c\u043a\u043e \u043d\u0430 \u201c<a href=\"https:\/\/hotelsigulda.lv\/lv\/wp-json\/wp\/v2\/product\/4020\" class=\"qtranxs-available-language-link qtranxs-available-language-link-lv\" title=\"LV\">\u041b\u0430\u0442\u044b\u0448\u0441\u043a\u0438\u0439<\/a>\u201d.<\/p>","protected":false},"excerpt":{"rendered":"<p>\u0418\u0437\u0432\u0438\u043d\u0438\u0442\u0435, \u044d\u0442\u043e\u0442 \u0442\u0435\u043a\u0441\u0442 \u0434\u043e\u0441\u0442\u0443\u043f\u0435\u043d \u0442\u043e\u043b\u044c\u043a\u043e \u043d\u0430 \u201c\u041b\u0430\u0442\u044b\u0448\u0441\u043a\u0438\u0439\u201d.<\/p>\n","protected":false},"featured_media":4018,"template":"","meta":[],"product_cat":[22],"product_tag":[],"acf":[],"yoast_head":"<!-- This site is optimized with the Yoast SEO plugin v20.1 - https:\/\/yoast.com\/wordpress\/plugins\/seo\/ -->\n<title>M\u0101mi\u0146dienas sv\u0113tku pusdienas - Hotel Sigulda<\/title>\n<meta name=\"robots\" content=\"index, follow, max-snippet:-1, max-image-preview:large, max-video-preview:-1\" \/>\n<link rel=\"canonical\" href=\"https:\/\/hotelsigulda.lv\/ru\/product\/mamindienas-svetku-pusdienas\/\" \/>\n<meta property=\"og:locale\" content=\"ru_RU\" \/>\n<meta property=\"og:type\" content=\"article\" \/>\n<meta property=\"og:title\" content=\"M\u0101mi\u0146dienas sv\u0113tku pusdienas - Hotel Sigulda\" \/>\n<meta property=\"og:description\" content=\"\u0418\u0437\u0432\u0438\u043d\u0438\u0442\u0435, \u044d\u0442\u043e\u0442 \u0442\u0435\u043a\u0441\u0442 \u0434\u043e\u0441\u0442\u0443\u043f\u0435\u043d \u0442\u043e\u043b\u044c\u043a\u043e \u043d\u0430 \u201c\u041b\u0430\u0442\u044b\u0448\u0441\u043a\u0438\u0439\u201d.\" \/>\n<meta property=\"og:url\" content=\"https:\/\/hotelsigulda.lv\/ru\/product\/mamindienas-svetku-pusdienas\/\" \/>\n<meta property=\"og:site_name\" content=\"Hotel Sigulda\" \/>\n<meta property=\"article:modified_time\" content=\"2026-04-27T09:59:56+00:00\" \/>\n<meta property=\"og:image\" content=\"https:\/\/hotelsigulda.lv\/wp-content\/uploads\/2026\/04\/PHOTO-2026-04-27-09-53-47.jpg\" \/>\n\t<meta property=\"og:image:width\" content=\"1200\" \/>\n\t<meta property=\"og:image:height\" content=\"1600\" \/>\n\t<meta property=\"og:image:type\" content=\"image\/jpeg\" \/>\n<meta name=\"twitter:card\" content=\"summary_large_image\" \/>\n<meta name=\"twitter:label1\" content=\"\u041f\u0440\u0438\u043c\u0435\u0440\u043d\u043e\u0435 \u0432\u0440\u0435\u043c\u044f \u0434\u043b\u044f \u0447\u0442\u0435\u043d\u0438\u044f\" \/>\n\t<meta name=\"twitter:data1\" content=\"1 \u043c\u0438\u043d\u0443\u0442\u0430\" \/>\n<script type=\"application\/ld+json\" class=\"yoast-schema-graph\">{\"@context\":\"https:\/\/schema.org\",\"@graph\":[{\"@type\":\"WebPage\",\"@id\":\"https:\/\/hotelsigulda.lv\/ru\/product\/mamindienas-svetku-pusdienas\/\",\"url\":\"https:\/\/hotelsigulda.lv\/ru\/product\/mamindienas-svetku-pusdienas\/\",\"name\":\"M\u0101mi\u0146dienas sv\u0113tku pusdienas - Hotel Sigulda\",\"isPartOf\":{\"@id\":\"https:\/\/hotelsigulda.lv\/ru\/#website\"},\"datePublished\":\"2026-04-27T09:59:55+00:00\",\"dateModified\":\"2026-04-27T09:59:56+00:00\",\"breadcrumb\":{\"@id\":\"https:\/\/hotelsigulda.lv\/ru\/product\/mamindienas-svetku-pusdienas\/#breadcrumb\"},\"inLanguage\":\"ru-RU\",\"potentialAction\":[{\"@type\":\"ReadAction\",\"target\":[[\"https:\/\/hotelsigulda.lv\/ru\/product\/mamindienas-svetku-pusdienas\/\"]]}]},{\"@type\":\"BreadcrumbList\",\"@id\":\"https:\/\/hotelsigulda.lv\/ru\/product\/mamindienas-svetku-pusdienas\/#breadcrumb\",\"itemListElement\":[{\"@type\":\"ListItem\",\"position\":1,\"name\":\"Home\",\"item\":\"https:\/\/hotelsigulda.lv\/ru\/\"},{\"@type\":\"ListItem\",\"position\":2,\"name\":\"E-veikals\",\"item\":\"https:\/\/hotelsigulda.lv\/ru\/e-veikals\/\"},{\"@type\":\"ListItem\",\"position\":3,\"name\":\"M\u0101mi\u0146dienas sv\u0113tku pusdienas\"}]},{\"@type\":\"WebSite\",\"@id\":\"https:\/\/hotelsigulda.lv\/ru\/#website\",\"url\":\"https:\/\/hotelsigulda.lv\/ru\/\",\"name\":\"Hotel Sigulda\",\"description\":\"\u0413\u043e\u0441\u0442\u0438\u043d\u0438\u0446\u0430 \u0432 \u0421\u0438\u0433\u0443\u043b\u0434\u0435, \u041b\u0430\u0442\u0432\u0438\u044f\",\"potentialAction\":[{\"@type\":\"SearchAction\",\"target\":{\"@type\":\"EntryPoint\",\"urlTemplate\":\"https:\/\/hotelsigulda.lv\/ru\/?s={search_term_string}\"},\"query-input\":\"required name=search_term_string\"}],\"inLanguage\":\"ru-RU\"}]}<\/script>\n<!-- \/ Yoast SEO plugin. -->","yoast_head_json":{"title":"M\u0101mi\u0146dienas sv\u0113tku pusdienas - Hotel Sigulda","robots":{"index":"index","follow":"follow","max-snippet":"max-snippet:-1","max-image-preview":"max-image-preview:large","max-video-preview":"max-video-preview:-1"},"canonical":"https:\/\/hotelsigulda.lv\/ru\/product\/mamindienas-svetku-pusdienas\/","og_locale":"ru_RU","og_type":"article","og_title":"M\u0101mi\u0146dienas sv\u0113tku pusdienas - Hotel Sigulda","og_description":"\u0418\u0437\u0432\u0438\u043d\u0438\u0442\u0435, \u044d\u0442\u043e\u0442 \u0442\u0435\u043a\u0441\u0442 \u0434\u043e\u0441\u0442\u0443\u043f\u0435\u043d \u0442\u043e\u043b\u044c\u043a\u043e \u043d\u0430 \u201c\u041b\u0430\u0442\u044b\u0448\u0441\u043a\u0438\u0439\u201d.","og_url":"https:\/\/hotelsigulda.lv\/ru\/product\/mamindienas-svetku-pusdienas\/","og_site_name":"Hotel Sigulda","article_modified_time":"2026-04-27T09:59:56+00:00","og_image":[{"width":1200,"height":1600,"url":"https:\/\/hotelsigulda.lv\/wp-content\/uploads\/2026\/04\/PHOTO-2026-04-27-09-53-47.jpg","type":"image\/jpeg"}],"twitter_card":"summary_large_image","twitter_misc":{"\u041f\u0440\u0438\u043c\u0435\u0440\u043d\u043e\u0435 \u0432\u0440\u0435\u043c\u044f \u0434\u043b\u044f \u0447\u0442\u0435\u043d\u0438\u044f":"1 \u043c\u0438\u043d\u0443\u0442\u0430"},"schema":{"@context":"https:\/\/schema.org","@graph":[{"@type":"WebPage","@id":"https:\/\/hotelsigulda.lv\/ru\/product\/mamindienas-svetku-pusdienas\/","url":"https:\/\/hotelsigulda.lv\/ru\/product\/mamindienas-svetku-pusdienas\/","name":"M\u0101mi\u0146dienas sv\u0113tku pusdienas - Hotel Sigulda","isPartOf":{"@id":"https:\/\/hotelsigulda.lv\/ru\/#website"},"datePublished":"2026-04-27T09:59:55+00:00","dateModified":"2026-04-27T09:59:56+00:00","breadcrumb":{"@id":"https:\/\/hotelsigulda.lv\/ru\/product\/mamindienas-svetku-pusdienas\/#breadcrumb"},"inLanguage":"ru-RU","potentialAction":[{"@type":"ReadAction","target":[["https:\/\/hotelsigulda.lv\/ru\/product\/mamindienas-svetku-pusdienas\/"]]}]},{"@type":"BreadcrumbList","@id":"https:\/\/hotelsigulda.lv\/ru\/product\/mamindienas-svetku-pusdienas\/#breadcrumb","itemListElement":[{"@type":"ListItem","position":1,"name":"Home","item":"https:\/\/hotelsigulda.lv\/ru\/"},{"@type":"ListItem","position":2,"name":"E-veikals","item":"https:\/\/hotelsigulda.lv\/ru\/e-veikals\/"},{"@type":"ListItem","position":3,"name":"M\u0101mi\u0146dienas sv\u0113tku pusdienas"}]},{"@type":"WebSite","@id":"https:\/\/hotelsigulda.lv\/ru\/#website","url":"https:\/\/hotelsigulda.lv\/ru\/","name":"Hotel Sigulda","description":"\u0413\u043e\u0441\u0442\u0438\u043d\u0438\u0446\u0430 \u0432 \u0421\u0438\u0433\u0443\u043b\u0434\u0435, \u041b\u0430\u0442\u0432\u0438\u044f","potentialAction":[{"@type":"SearchAction","target":{"@type":"EntryPoint","urlTemplate":"https:\/\/hotelsigulda.lv\/ru\/?s={search_term_string}"},"query-input":"required name=search_term_string"}],"inLanguage":"ru-RU"}]}},"_links":{"self":[{"href":"https:\/\/hotelsigulda.lv\/ru\/wp-json\/wp\/v2\/product\/4020"}],"collection":[{"href":"https:\/\/hotelsigulda.lv\/ru\/wp-json\/wp\/v2\/product"}],"about":[{"href":"https:\/\/hotelsigulda.lv\/ru\/wp-json\/wp\/v2\/types\/product"}],"wp:featuredmedia":[{"embeddable":true,"href":"https:\/\/hotelsigulda.lv\/ru\/wp-json\/wp\/v2\/media\/4018"}],"wp:attachment":[{"href":"https:\/\/hotelsigulda.lv\/ru\/wp-json\/wp\/v2\/media?parent=4020"}],"wp:term":[{"taxonomy":"product_cat","embeddable":true,"href":"https:\/\/hotelsigulda.lv\/ru\/wp-json\/wp\/v2\/product_cat?post=4020"},{"taxonomy":"product_tag","embeddable":true,"href":"https:\/\/hotelsigulda.lv\/ru\/wp-json\/wp\/v2\/product_tag?post=4020"}],"curies":[{"name":"wp","href":"https:\/\/api.w.org\/{rel}","templated":true}]}}